{"id":532,"date":"2023-04-14T20:32:42","date_gmt":"2023-04-14T20:32:42","guid":{"rendered":"https:\/\/dwforwarders.com\/cookie-policy\/"},"modified":"2023-07-21T17:39:56","modified_gmt":"2023-07-21T17:39:56","slug":"cookie-policy","status":"publish","type":"page","link":"https:\/\/dwforwarders.com\/fr\/cookie-policy\/","title":{"rendered":"Politique relative aux cookies"},"content":{"rendered":"<div class=\"wpb-content-wrapper\">[vc_row full_width=\u00a0\u00bbstretch_row\u00a0\u00bb css=\u00a0\u00bb.vc_custom_1671419156214{background-position: center !important;background-repeat: no-repeat !important;background-size: contain !important;}\u00a0\u00bb el_class=\u00a0\u00bbbg-position-left\u00a0\u00bb][vc_column css=\u00a0\u00bb.vc_custom_1682737618524{padding-right: 7% !important;padding-left: 7% !important;background-position: center !important;background-repeat: no-repeat !important;background-size: cover !important;}\u00a0\u00bb offset=\u00a0\u00bbvc_col-lg-offset-0 vc_col-md-offset-0 vc_col-sm-offset-0&Prime;][vc_empty_space height=\u00a0\u00bb60px\u00a0\u00bb el_class=\u00a0\u00bbarg-spacer\u00a0\u00bb]<div  class=\"heading-wrapper text-left\"  >\n\t\n\t<h1 class=\"second-title text-left\">Politique relative aux cookies<\/h1>\n\n\t\n\t\n\t\t\t<p class=\"subtitle\"><\/p>\n\t<\/div>\t\n\n[vc_column_text el_class=\u00a0\u00bbcontent-wrap\u00a0\u00bb]<strong>Utilisation de t\u00e9moins<\/strong><\/p>\n<p>Pendant que vous visitez le site Web ou l\u2019application mobile de D&amp;W Forwarders, D&amp;W Forwarders Inc. lt\u00e9e et ses soci\u00e9t\u00e9s affili\u00e9es du monde entier (ci-apr\u00e8s collectivement nomm\u00e9es \u00ab\u2009<strong>D&amp;W FORWARDERS\u2009<\/strong>\u00bb) recueillent certains renseignements sur vous, notamment votre adresse IP et vos habitudes de navigation, par l\u2019entremise de t\u00e9moins ou d\u2019autres technologies de tra\u00e7age similaires.<\/p>\n<p>Les t\u00e9moins sont de petits fichiers de donn\u00e9es qui sont transf\u00e9r\u00e9s sur votre ordinateur ou votre appareil mobile par l\u2019entremise de votre navigateur lorsque vous autorisez ce dernier \u00e0 les accepter.<\/p>\n<p>En g\u00e9n\u00e9ral, D&amp;W FORWARDERS utilise des t\u00e9moins aux fins suivantes\u00a0:<\/p>\n<ol>\n<li>Assurer le bon fonctionnement de notre site Web \u2014 certaines fonctionnalit\u00e9s requi\u00e8rent l\u2019utilisation de t\u00e9moins.<\/li>\n<li>Optimiser la performance de notre site Web et l\u2019exp\u00e9rience des utilisateurs en gardant une trace de leur interaction avec notre site.<\/li>\n<li>Personnaliser l\u2019exp\u00e9rience utilisateur en sauvegardant vos pr\u00e9f\u00e9rences, par exemple la langue et la r\u00e9gion choisies, les mots de passe o\u00f9 les achats effectu\u00e9s.<\/li>\n<li>Personnaliser la publicit\u00e9, les offres et le mat\u00e9riel promotionnel que vous recevez, incluant des publicit\u00e9s et offres promotionnelles sur d\u2019autres sites Web.<\/li>\n<\/ol>\n<p>Plus pr\u00e9cis\u00e9ment, les sites Web de D&amp;W FORWARDERS utilisent les types de t\u00e9moins suivants\u00a0:<\/p>\n<p><strong>Nom du\u00a0t\u00e9moin:\u00a0CONSENT<\/strong><br \/>\nType de t\u00e9moin:\u00a0T\u00e9moin d\u2019analyse d\u2019audience<br \/>\nFonction du t\u00e9moin:\u00a0Ce t\u00e9moin nous permet de dresser un portrait de nos visiteurs, d\u2019en conna\u00eetre les habitudes de navigation et de mesurer le volume de fr\u00e9quentation de notre site Web. Ces renseignements nous servent \u00e0 am\u00e9liorer l\u2019exp\u00e9rience de navigation des utilisateurs en leur permettant de trouver plus rapidement ce dont ils ont besoin.<br \/>\nExpiration (dur\u00e9e de stockage):\u00a02038-01-01 (20 ans)<\/p>\n<p><strong>Nom du\u00a0t\u00e9moin:\u00a0NID<\/strong><br \/>\nType de t\u00e9moin:\u00a0T\u00e9moin d\u2019analyse d\u2019audience<br \/>\nFonction du t\u00e9moin:\u00a0Ce t\u00e9moin nous permet de dresser un portrait de nos visiteurs, d\u2019en conna\u00eetre les habitudes de navigation et de mesurer le volume de fr\u00e9quentation de notre site Web. Ces renseignements nous servent \u00e0 am\u00e9liorer l\u2019exp\u00e9rience de navigation des utilisateurs en leur permettant de trouver plus rapidement ce dont ils ont besoin.<br \/>\nExpiration (dur\u00e9e de stockage): 2018-08-09 (6 mois)<\/p>\n<p><strong>Nom du\u00a0t\u00e9moin:\u00a0_ga<\/strong><br \/>\nType de t\u00e9moin:\u00a0T\u00e9moin d\u2019analyse d\u2019audience<br \/>\nFonction du t\u00e9moin:\u00a0Ce t\u00e9moin nous permet de dresser un portrait de nos visiteurs, d\u2019en conna\u00eetre les habitudes de navigation et de mesurer le volume de fr\u00e9quentation de notre site Web. Ces renseignements nous servent \u00e0 am\u00e9liorer l\u2019exp\u00e9rience de navigation des utilisateurs en leur permettant de trouver plus rapidement ce dont ils ont besoin.<br \/>\nExpiration (dur\u00e9e de stockage): 2020-02-08 (2 ans)<\/p>\n<p><strong>Nom du\u00a0t\u00e9moin:\u00a0DSID<\/strong><br \/>\nType de t\u00e9moin: T\u00e9moin de publicit\u00e9 cibl\u00e9e<br \/>\nFonction du t\u00e9moin:\u00a0Notre site Web utilise des t\u00e9moins de publicit\u00e9 cibl\u00e9e afin de recueillir des statistiques sur les visiteurs et renvoyer \u00e0 chacun des messages, des publicit\u00e9s et des offres promotionnelles personnalis\u00e9es.<br \/>\nExpiration (dur\u00e9e de stockage): 2 semaines<\/p>\n<p><strong>Nom du\u00a0t\u00e9moin:\u00a0IDE<\/strong><br \/>\nType de t\u00e9moin: T\u00e9moin de publicit\u00e9 cibl\u00e9e<br \/>\nFonction du t\u00e9moin:\u00a0Notre site Web utilise des t\u00e9moins de publicit\u00e9 cibl\u00e9e afin de recueillir des statistiques sur les visiteurs et renvoyer \u00e0 chacun des messages, des publicit\u00e9s et des offres promotionnelles personnalis\u00e9es.<br \/>\nExpiration (dur\u00e9e de stockage): 1 an<\/p>\n<p><strong>Nom du\u00a0t\u00e9moin: _cfduid (Cloudflare)<\/strong><br \/>\nType de t\u00e9moin: T\u00e9moin fonctionnel<br \/>\nFonction du t\u00e9moin: Ce t\u00e9moin facilite le fonctionnement de notre site Web, le rend plus agr\u00e9able pour les visiteurs et permet d\u2019offrir une exp\u00e9rience de navigation plus personnalis\u00e9e. Par exemple, il peut enregistrer votre pr\u00e9f\u00e9rence de langue.<br \/>\nExpiration (dur\u00e9e de stockage): 1 an<\/p>\n<p><strong>Nom du\u00a0t\u00e9moin: _icl_current_admin_language<\/strong><br \/>\nType de t\u00e9moin: T\u00e9moin fonctionnel<br \/>\nFonction du t\u00e9moin: Ce t\u00e9moin facilite le fonctionnement de notre site Web, le rend plus agr\u00e9able pour les visiteurs et permet d\u2019offrir une exp\u00e9rience de navigation plus personnalis\u00e9e. Par exemple, il peut enregistrer votre pr\u00e9f\u00e9rence de langue.<br \/>\nExpiration (dur\u00e9e de stockage): 1 jour<\/p>\n<p><strong>Plugiciels de partage sur les m\u00e9dias sociaux<\/strong><\/p>\n<p>D&amp;W FORWARDERS utilise des plugiciels permettant d\u2019activer les boutons \u00ab\u2009partage\u2009\u00bb de divers m\u00e9dias sociaux (LinkedIn, Twitter ou Facebook, par exemple). Ceux-ci peuvent permettre aux fournisseurs de m\u00e9dias sociaux de suivre l\u2019activit\u00e9 de votre navigateur sur d\u2019autres sites et de dresser un profil de vos champs d\u2019int\u00e9r\u00eat, ce qui peut influencer le contenu et les messages que vous verrez sur d\u2019autres sites. Pour en savoir plus, veuillez consulter la politique de protection des renseignements personnels de vos services de m\u00e9dias sociaux.<\/p>\n<p>Si vous ne souhaitez PAS \u00e9tablir de connexion avec votre profil de m\u00e9dias sociaux, veuillez vous d\u00e9connecter des m\u00e9dias en question avant d\u2019utiliser le site Web de D&amp;W FORWARDERS.<\/p>\n<p><strong>Gestion et suppression des t\u00e9moins<\/strong><\/p>\n<p>Les principaux navigateurs offrent tous la possibilit\u00e9 de g\u00e9rer les t\u00e9moins qui sont install\u00e9s sur votre ordinateur ou votre appareil mobile.<\/p>\n<p>Si vous ne voulez pas que ce site Web ou cette application mobile installe des t\u00e9moins sur votre ordinateur ou votre appareil mobile, vous avez la possibilit\u00e9 de restreindre, limiter ou supprimer les t\u00e9moins par une simple modification des param\u00e8tres de votre navigateur ou de votre appareil mobile. De plus, vous pouvez choisir de recevoir une notification chaque fois qu\u2019un t\u00e9moin est transf\u00e9r\u00e9 sur votre ordinateur ou votre appareil mobile. Ainsi, vous pouvez d\u00e9cider de l\u2019accepter ou non.<\/p>\n<p>Veuillez noter que lorsque vous d\u00e9sactivez certains t\u00e9moins utilis\u00e9s par notre site Web, il est possible que certaines sections de notre site ou de notre application mobile ne fonctionnent plus ad\u00e9quatement, ce qui peut affecter votre exp\u00e9rience utilisateur.<\/p>\n<p><strong>Nous contacter<\/strong><\/p>\n<p>Si vous souhaitez communiquer avec nous au sujet des t\u00e9moins, veuillez nous \u00e9crire \u00e0 l\u2019adresse suivante\u00a0:\u00a0 <a href=\"mailto:info@dwforwarders.com\">info@dwforwarders.com<\/a>.[\/vc_column_text][vc_empty_space height=\u00a0\u00bb60px\u00a0\u00bb el_class=\u00a0\u00bbarg-spacer\u00a0\u00bb][\/vc_column][\/vc_row]\n<\/div>","protected":false},"excerpt":{"rendered":"<p>[vc_row full_width=\u00a0\u00bbstretch_row\u00a0\u00bb css=\u00a0\u00bb.vc_custom_1671419156214{background-position: center !important;background-repeat: no-repeat !important;background-size: contain !important;}\u00a0\u00bb el_class=\u00a0\u00bbbg-position-left\u00a0\u00bb][vc_column css=\u00a0\u00bb.vc_custom_1682737618524{padding-right: 7% !important;padding-left: 7% !important;background-position: center !important;background-repeat: no-repeat !important;background-size: cover !important;}\u00a0\u00bb offset=\u00a0\u00bbvc_col-lg-offset-0 vc_col-md-offset-0 vc_col-sm-offset-0&Prime;][vc_empty_space height=\u00a0\u00bb60px\u00a0\u00bb el_class=\u00a0\u00bbarg-spacer\u00a0\u00bb][vc_column_text el_class=\u00a0\u00bbcontent-wrap\u00a0\u00bb]Utilisation de t\u00e9moins Pendant que vous visitez le site Web ou l\u2019application mobile de D&amp;W Forwarders, D&amp;W Forwarders Inc. lt\u00e9e et ses soci\u00e9t\u00e9s affili\u00e9es du monde entier (ci-apr\u00e8s collectivement [&hellip;]<\/p>\n","protected":false},"author":4,"featured_media":0,"parent":0,"menu_order":0,"comment_status":"closed","ping_status":"closed","template":"","meta":{"_acf_changed":false,"footnotes":""},"class_list":["post-532","page","type-page","status-publish","hentry"],"acf":[],"_links":{"self":[{"href":"https:\/\/dwforwarders.com\/fr\/wp-json\/wp\/v2\/pages\/532","targetHints":{"allow":["GET"]}}],"collection":[{"href":"https:\/\/dwforwarders.com\/fr\/wp-json\/wp\/v2\/pages"}],"about":[{"href":"https:\/\/dwforwarders.com\/fr\/wp-json\/wp\/v2\/types\/page"}],"author":[{"embeddable":true,"href":"https:\/\/dwforwarders.com\/fr\/wp-json\/wp\/v2\/users\/4"}],"replies":[{"embeddable":true,"href":"https:\/\/dwforwarders.com\/fr\/wp-json\/wp\/v2\/comments?post=532"}],"version-history":[{"count":0,"href":"https:\/\/dwforwarders.com\/fr\/wp-json\/wp\/v2\/pages\/532\/revisions"}],"wp:attachment":[{"href":"https:\/\/dwforwarders.com\/fr\/wp-json\/wp\/v2\/media?parent=532"}],"curies":[{"name":"wp","href":"https:\/\/api.w.org\/{rel}","templated":true}]}}