{"id":510,"date":"2018-05-08T20:27:18","date_gmt":"2018-05-08T20:27:18","guid":{"rendered":"https:\/\/dwforwarders.com\/a-propos\/"},"modified":"2024-06-18T16:38:17","modified_gmt":"2024-06-18T16:38:17","slug":"about","status":"publish","type":"page","link":"https:\/\/dwforwarders.com\/fr\/about\/","title":{"rendered":"\u00c0 propos"},"content":{"rendered":"<div class=\"wpb-content-wrapper\">[vc_row full_width=\u00a0\u00bbstretch_row_content_no_spaces\u00a0\u00bb equal_height=\u00a0\u00bbyes\u00a0\u00bb content_placement=\u00a0\u00bbbottom\u00a0\u00bb css=\u00a0\u00bb.vc_custom_1682639519670{background-position: center !important;background-repeat: no-repeat !important;background-size: contain !important;}\u00a0\u00bb][vc_column width=\u00a0\u00bb1\/2&Prime; css=\u00a0\u00bb.vc_custom_1718728635924{margin-top: 0px !important;margin-bottom: 0px !important;padding-top: 0px !important;padding-bottom: 0px !important;background-image: url(https:\/\/dwforwarders.com\/wp-content\/uploads\/2023\/04\/dw-metal-background.jpg?id=389) !important;background-position: center !important;background-repeat: no-repeat !important;background-size: cover !important;}\u00a0\u00bb][vc_single_image image=\u00a0\u00bb521&Prime; img_size=\u00a0\u00bbfull\u00a0\u00bb alignment=\u00a0\u00bbright\u00a0\u00bb css=\u00a0\u00bb.vc_custom_1689965085454{margin-top: 0px !important;margin-right: 0px !important;margin-bottom: -6px !important;margin-left: 0px !important;}\u00a0\u00bb el_class=\u00a0\u00bbhero-title\u00a0\u00bb][\/vc_column][vc_column width=\u00a0\u00bb1\/2&Prime; css=\u00a0\u00bb.vc_custom_1718728659331{background-image: url(https:\/\/dwforwarders.com\/wp-content\/uploads\/2023\/04\/dw-ourstory-header.jpg?id=344) !important;background-position: center !important;background-repeat: no-repeat !important;background-size: cover !important;}\u00a0\u00bb][vc_empty_space height=\u00a0\u00bb255px\u00a0\u00bb el_class=\u00a0\u00bbhero-spacer\u00a0\u00bb][\/vc_column][\/vc_row][vc_row full_width=\u00a0\u00bbstretch_row\u00a0\u00bb css=\u00a0\u00bb.vc_custom_1671419156214{background-position: center !important;background-repeat: no-repeat !important;background-size: contain !important;}\u00a0\u00bb el_class=\u00a0\u00bbbg-position-left\u00a0\u00bb][vc_column css=\u00a0\u00bb.vc_custom_1682657039961{padding-right: 7% !important;padding-left: 7% !important;background-position: center !important;background-repeat: no-repeat !important;background-size: cover !important;}\u00a0\u00bb offset=\u00a0\u00bbvc_col-lg-offset-0 vc_col-md-offset-0 vc_col-sm-offset-0&Prime;][vc_empty_space height=\u00a0\u00bb90px\u00a0\u00bb el_class=\u00a0\u00bbarg-spacer\u00a0\u00bb][vc_column_text]<strong style=\"color: black;\">En 1953, Dick Boersma et Walter Veenstra ont cr\u00e9\u00e9 D&amp;W Forwarders,<\/strong> dans le but d&rsquo;offrir des services de cha\u00eene d&rsquo;approvisionnement fiables aux entreprises de tout l&rsquo;Ontario. Nous sommes fiers de maintenir la tradition d&rsquo;excellence de nos fondateurs en fournissant des solutions de transport exceptionnelles, en transportant des mat\u00e9riaux de construction lourds. Depuis, nous avons \u00e9tendu notre r\u00e9seau de services au Qu\u00e9bec et au nord-est des \u00c9tats-Unis. Aujourd&rsquo;hui, notre flotte compte plus de 100 camions qui desservent ces march\u00e9s \u00e0 partir de nos divers terminaux.<\/p>\n<p>&nbsp;<\/p>\n<p>Chez D&amp;W Forwarders, nous sommes sp\u00e9cialis\u00e9s dans le transport en toute s\u00e9curit\u00e9 de bois de construction, de briques, d&rsquo;acier et de toitures. Nous nous sommes forg\u00e9 une solide r\u00e9putation en veillant \u00e0 ce que vos exp\u00e9ditions arrivent \u00e0 temps \u00e0 leur destination, dans leur \u00e9tat d&rsquo;origine et sans aucun dommage pendant le transport. Ce n&rsquo;est pas une t\u00e2che facile. Elle exige une connaissance et une exp\u00e9rience approfondies du secteur. Elle comporte des risques. C&rsquo;est pourquoi nous veillons \u00e0 ce que les membres de notre \u00e9quipe respectent toujours les r\u00e8gles et les normes de s\u00e9curit\u00e9 du secteur. Ce sont des experts bien form\u00e9s \u00e0 la s\u00e9curisation et \u00e0 la manutention de votre fret.[\/vc_column_text][vc_empty_space height=\u00a0\u00bb65px\u00a0\u00bb el_class=\u00a0\u00bbarg-spacer\u00a0\u00bb][\/vc_column][\/vc_row][vc_row full_width=\u00a0\u00bbstretch_row_content_no_spaces\u00a0\u00bb equal_height=\u00a0\u00bbyes\u00a0\u00bb content_placement=\u00a0\u00bbbottom\u00a0\u00bb css=\u00a0\u00bb.vc_custom_1682639519670{background-position: center !important;background-repeat: no-repeat !important;background-size: contain !important;}\u00a0\u00bb][vc_column width=\u00a0\u00bb1\/2&Prime; css=\u00a0\u00bb.vc_custom_1682640786752{margin-top: 0px !important;margin-bottom: 0px !important;padding-top: 0px !important;padding-bottom: 0px !important;background-position: center !important;background-repeat: no-repeat !important;background-size: cover !important;}\u00a0\u00bb][vc_empty_space height=\u00a0\u00bb100px\u00a0\u00bb el_class=\u00a0\u00bbarg-spacer\u00a0\u00bb][vc_row_inner equal_height=\u00a0\u00bbyes\u00a0\u00bb][vc_column_inner css=\u00a0\u00bb.vc_custom_1689714652244{margin-bottom: 0px !important;}\u00a0\u00bb offset=\u00a0\u00bbvc_col-lg-6 vc_col-md-6 vc_col-xs-6&Prime;][vc_single_image image=\u00a0\u00bb421&Prime; img_size=\u00a0\u00bbfull\u00a0\u00bb css=\u00a0\u00bb.vc_custom_1689714770320{margin-bottom: 0px !important;}\u00a0\u00bb][\/vc_column_inner][vc_column_inner css=\u00a0\u00bb.vc_custom_1689714681209{margin-bottom: 0px !important;}\u00a0\u00bb offset=\u00a0\u00bbvc_col-lg-6 vc_col-md-6 vc_col-xs-6&Prime;][vc_single_image image=\u00a0\u00bb422&Prime; img_size=\u00a0\u00bbfull\u00a0\u00bb css=\u00a0\u00bb.vc_custom_1689714803021{margin-bottom: 0px !important;}\u00a0\u00bb][\/vc_column_inner][\/vc_row_inner][vc_column_text css=\u00a0\u00bb.vc_custom_1718728682925{margin-top: 0px !important;margin-right: 0px !important;margin-bottom: 0px !important;margin-left: 0px !important;padding-top: 10vw !important;padding-right: 10vw !important;padding-bottom: 10vw !important;padding-left: 10vw !important;background-image: url(https:\/\/dwforwarders.com\/wp-content\/uploads\/2023\/04\/dw-diamond-steel.jpg?id=337) !important;background-position: center !important;background-repeat: no-repeat !important;background-size: cover !important;}\u00a0\u00bb]\n<p style=\"color: white; font-size: 23px; margin-bottom: 30px; font-weight: 500; letter-spacing: 2px; margin-top: 0; text-transform: uppercase;\">Aucun envoi n\u2019est trop grand ou trop petit.<\/p>\n<p style=\"color: white;\">Nos \u00e9quipes sont form\u00e9es pour traiter des cargaisons de toutes tailles avec le m\u00eame soin, les m\u00eames efforts et le m\u00eame engagement \u00e0 fournir une qualit\u00e9 et un service sup\u00e9rieurs. Nous sommes fiers d&rsquo;assurer votre satisfaction et confiance totale dans notre service et nos solutions d&rsquo;exp\u00e9dition de fret.<\/p>\n[\/vc_column_text][vc_single_image image=\u00a0\u00bb419&Prime; img_size=\u00a0\u00bbfull\u00a0\u00bb alignment=\u00a0\u00bbcenter\u00a0\u00bb css=\u00a0\u00bb.vc_custom_1689714494459{margin-top: 0px !important;margin-right: 0px !important;margin-bottom: 0px !important;margin-left: 0px !important;padding-top: 0px !important;padding-right: 0px !important;padding-bottom: 0px !important;padding-left: 0px !important;}\u00a0\u00bb][\/vc_column][vc_column width=\u00a0\u00bb1\/2&Prime; css=\u00a0\u00bb.vc_custom_1682640794136{background-position: center !important;background-repeat: no-repeat !important;background-size: cover !important;}\u00a0\u00bb][vc_single_image image=\u00a0\u00bb333&Prime; img_size=\u00a0\u00bb\u00a0\u00bb css=\u00a0\u00bb.vc_custom_1681312485043{margin-bottom: -20px !important;}\u00a0\u00bb][vc_single_image image=\u00a0\u00bb347&Prime; img_size=\u00a0\u00bbfull\u00a0\u00bb alignment=\u00a0\u00bbcenter\u00a0\u00bb css=\u00a0\u00bb.vc_custom_1681356707228{margin-top: 0px !important;margin-right: 0px !important;margin-bottom: 0px !important;margin-left: 0px !important;padding-top: 0px !important;padding-right: 0px !important;padding-bottom: 0px !important;padding-left: 0px !important;}\u00a0\u00bb][vc_single_image image=\u00a0\u00bb418&Prime; img_size=\u00a0\u00bbfull\u00a0\u00bb alignment=\u00a0\u00bbcenter\u00a0\u00bb css=\u00a0\u00bb.vc_custom_1689714471223{margin-top: 0px !important;margin-right: 0px !important;margin-bottom: 0px !important;margin-left: 0px !important;padding-top: 0px !important;padding-right: 0px !important;padding-bottom: 0px !important;padding-left: 0px !important;}\u00a0\u00bb][vc_column_text css=\u00a0\u00bb.vc_custom_1690828460805{margin-bottom: 0px !important;}\u00a0\u00bb el_class=\u00a0\u00bbgoal-box\u00a0\u00bb]\n<h2 style=\"font-size: 23px; margin-bottom: 20px; font-weight: 500; letter-spacing: 2px; margin-top: 8px; text-transform: uppercase;\">Notre Objectif<\/h2>\n<p>Nous offrons des solutions logistiques d&rsquo;excellence et forgeons des partenariats solides avec nos clients. Nos \u00e9quipes rel\u00e8vent les d\u00e9fis logistiques et fournissent des solutions qui am\u00e9liorent les op\u00e9rations.[\/vc_column_text][\/vc_column][\/vc_row][vc_row full_width=\u00a0\u00bbstretch_row\u00a0\u00bb css=\u00a0\u00bb.vc_custom_1718728694173{background: #000000 url(https:\/\/dwforwarders.com\/wp-content\/uploads\/2023\/04\/dw-quote-ourstory-bkg.jpg?id=349) !important;background-position: center !important;background-repeat: no-repeat !important;background-size: cover !important;}\u00a0\u00bb el_class=\u00a0\u00bbbg-position-left\u00a0\u00bb][vc_column width=\u00a0\u00bb5\/6&Prime; css=\u00a0\u00bb.vc_custom_1681395973825{background-position: center !important;background-repeat: no-repeat !important;background-size: cover !important;}\u00a0\u00bb offset=\u00a0\u00bbvc_col-lg-offset-1 vc_col-lg-10 vc_col-md-offset-1 vc_col-md-10 vc_col-sm-offset-1 vc_col-xs-offset-1 vc_col-xs-10&Prime;][vc_empty_space height=\u00a0\u00bb138.5px\u00a0\u00bb el_class=\u00a0\u00bbarg-spacer\u00a0\u00bb]<div id=\"argenta-custom-69d0d2b401495\" class=\"testimonials\">\n\t\n\t\t<div class=\"testimonials-quote\">\n\t\t<span class=\"icon ion-quote\"><\/span>\n\t<\/div>\n\t\n\t<blockquote>\u00ab Nous travaillons avec D&amp;W Forwarders depuis plus de dix ans et nous avons la certitude de pouvoir compter sur eux pour mener \u00e0 bien nos projets. \u00bb<\/blockquote>\n\n\t\n\t\n\t\t<h4 class=\"title\">- <\/h4>\n\t<p class=\"subtitle small\">- James H, Toronto, ON. -<\/p>\n\t\n<\/div>\n\n[vc_empty_space height=\u00a0\u00bb168.5px\u00a0\u00bb el_class=\u00a0\u00bbarg-spacer\u00a0\u00bb][\/vc_column][\/vc_row]\n<\/div>","protected":false},"excerpt":{"rendered":"<p>[vc_row full_width=\u00a0\u00bbstretch_row_content_no_spaces\u00a0\u00bb equal_height=\u00a0\u00bbyes\u00a0\u00bb content_placement=\u00a0\u00bbbottom\u00a0\u00bb css=\u00a0\u00bb.vc_custom_1682639519670{background-position: center !important;background-repeat: no-repeat !important;background-size: contain !important;}\u00a0\u00bb][vc_column width=\u00a0\u00bb1\/2&Prime; css=\u00a0\u00bb.vc_custom_1718728635924{margin-top: 0px !important;margin-bottom: 0px !important;padding-top: 0px !important;padding-bottom: 0px !important;background-image: url(https:\/\/dwforwarders.com\/wp-content\/uploads\/2023\/04\/dw-metal-background.jpg?id=389) !important;background-position: center !important;background-repeat: no-repeat !important;background-size: cover !important;}\u00a0\u00bb][vc_single_image image=\u00a0\u00bb521&Prime; img_size=\u00a0\u00bbfull\u00a0\u00bb alignment=\u00a0\u00bbright\u00a0\u00bb css=\u00a0\u00bb.vc_custom_1689965085454{margin-top: 0px !important;margin-right: 0px !important;margin-bottom: -6px !important;margin-left: 0px !important;}\u00a0\u00bb el_class=\u00a0\u00bbhero-title\u00a0\u00bb][\/vc_column][vc_column width=\u00a0\u00bb1\/2&Prime; css=\u00a0\u00bb.vc_custom_1718728659331{background-image: url(https:\/\/dwforwarders.com\/wp-content\/uploads\/2023\/04\/dw-ourstory-header.jpg?id=344) !important;background-position: center !important;background-repeat: no-repeat !important;background-size: cover !important;}\u00a0\u00bb][vc_empty_space height=\u00a0\u00bb255px\u00a0\u00bb el_class=\u00a0\u00bbhero-spacer\u00a0\u00bb][\/vc_column][\/vc_row][vc_row full_width=\u00a0\u00bbstretch_row\u00a0\u00bb [&hellip;]<\/p>\n","protected":false},"author":7,"featured_media":0,"parent":0,"menu_order":0,"comment_status":"closed","ping_status":"closed","template":"","meta":{"_acf_changed":false,"footnotes":""},"class_list":["post-510","page","type-page","status-publish","hentry"],"acf":[],"_links":{"self":[{"href":"https:\/\/dwforwarders.com\/fr\/wp-json\/wp\/v2\/pages\/510","targetHints":{"allow":["GET"]}}],"collection":[{"href":"https:\/\/dwforwarders.com\/fr\/wp-json\/wp\/v2\/pages"}],"about":[{"href":"https:\/\/dwforwarders.com\/fr\/wp-json\/wp\/v2\/types\/page"}],"author":[{"embeddable":true,"href":"https:\/\/dwforwarders.com\/fr\/wp-json\/wp\/v2\/users\/7"}],"replies":[{"embeddable":true,"href":"https:\/\/dwforwarders.com\/fr\/wp-json\/wp\/v2\/comments?post=510"}],"version-history":[{"count":0,"href":"https:\/\/dwforwarders.com\/fr\/wp-json\/wp\/v2\/pages\/510\/revisions"}],"wp:attachment":[{"href":"https:\/\/dwforwarders.com\/fr\/wp-json\/wp\/v2\/media?parent=510"}],"curies":[{"name":"wp","href":"https:\/\/api.w.org\/{rel}","templated":true}]}}