{"id":504,"date":"2018-05-08T14:53:02","date_gmt":"2018-05-08T14:53:02","guid":{"rendered":"https:\/\/dwforwarders.com\/home\/"},"modified":"2024-06-18T16:35:33","modified_gmt":"2024-06-18T16:35:33","slug":"accueil","status":"publish","type":"page","link":"https:\/\/dwforwarders.com\/fr\/","title":{"rendered":"Accueil"},"content":{"rendered":"<div class=\"wpb-content-wrapper\">[vc_row full_width=\u00a0\u00bbstretch_row\u00a0\u00bb css=\u00a0\u00bb.vc_custom_1718728402657{background: #ffffff url(https:\/\/dwforwarders.com\/wp-content\/uploads\/2023\/04\/dw-home-header.jpg?id=338) !important;background-position: center !important;background-repeat: no-repeat !important;background-size: cover !important;}\u00a0\u00bb el_class=\u00a0\u00bbhome-hero\u00a0\u00bb][vc_column css=\u00a0\u00bb.vc_custom_1682449096712{padding-right: 7% !important;padding-left: 7% !important;background-position: center !important;background-repeat: no-repeat !important;background-size: cover !important;}\u00a0\u00bb offset=\u00a0\u00bbvc_col-lg-offset-0 vc_col-md-offset-0 vc_col-sm-offset-0 vc_col-xs-12&Prime;][vc_empty_space height=\u00a0\u00bb60px\u00a0\u00bb el_class=\u00a0\u00bbarg-spacer\u00a0\u00bb][vc_single_image image=\u00a0\u00bb517&Prime; img_size=\u00a0\u00bbfull\u00a0\u00bb][vc_empty_space height=\u00a0\u00bb125px\u00a0\u00bb el_class=\u00a0\u00bbarg-spacer\u00a0\u00bb][\/vc_column][\/vc_row][vc_row full_width=\u00a0\u00bbstretch_row\u00a0\u00bb css=\u00a0\u00bb.vc_custom_1671428206974{background-color: #ffffff !important;background-position: center !important;background-repeat: no-repeat !important;background-size: contain !important;}\u00a0\u00bb][vc_column css=\u00a0\u00bb.vc_custom_1682449101854{padding-right: 7% !important;padding-left: 7% !important;background-position: center !important;background-repeat: no-repeat !important;background-size: cover !important;}\u00a0\u00bb offset=\u00a0\u00bbvc_col-lg-offset-0 vc_col-md-offset-0 vc_col-sm-offset-0 vc_col-xs-12&Prime;][vc_empty_space height=\u00a0\u00bb90px\u00a0\u00bb el_class=\u00a0\u00bbarg-spacer\u00a0\u00bb][vc_column_text]\n<h2 class=\"second-title\">Une culture d&rsquo;excellence<\/h2>\n<p><strong>D&amp;W Forwarders<\/strong> offre des services de transport professionnels aux secteurs de la fabrication, de l&rsquo;exploitation mini\u00e8re, de la construction et du commerce de d\u00e9tail, et souhaite vivement former de v\u00e9ritables partenariats. Notre objectif est d\u2019\u00eatre votre source de confiance pour toutes les facettes de vos op\u00e9rations, de la logistique \u00e0 la planification et \u00e0 l\u2019ex\u00e9cution. Si votre entreprise a besoin d\u2019une \u00e9quipe qui d\u00e9passe les attentes, n\u2019h\u00e9sitez pas \u00e0 nous contacter d\u00e8s aujourd\u2019hui.[\/vc_column_text][vc_empty_space height=\u00a0\u00bb90px\u00a0\u00bb el_class=\u00a0\u00bbarg-spacer\u00a0\u00bb][\/vc_column][\/vc_row][vc_row full_width=\u00a0\u00bbstretch_row_content_no_spaces\u00a0\u00bb equal_height=\u00a0\u00bbyes\u00a0\u00bb][vc_column width=\u00a0\u00bb1\/2&Prime; css=\u00a0\u00bb.vc_custom_1718728429936{background-image: url(https:\/\/dwforwarders.com\/wp-content\/uploads\/2023\/04\/dw-home-image01.jpg?id=339) !important;background-position: center !important;background-repeat: no-repeat !important;background-size: cover !important;}\u00a0\u00bb el_class=\u00a0\u00bbhero-left\u00a0\u00bb][vc_empty_space height=\u00a0\u00bb300px\u00a0\u00bb el_class=\u00a0\u00bbhero-spacer\u00a0\u00bb][\/vc_column][vc_column width=\u00a0\u00bb1\/2&Prime; css=\u00a0\u00bb.vc_custom_1718728443993{margin-top: 0px !important;padding-top: 10% !important;padding-right: 12% !important;padding-bottom: 10% !important;padding-left: 12% !important;background-image: url(https:\/\/dwforwarders.com\/wp-content\/uploads\/2023\/04\/dw-diamond-steel.jpg?id=337) !important;background-position: center !important;background-repeat: no-repeat !important;background-size: cover !important;}\u00a0\u00bb el_class=\u00a0\u00bbcontent-center\u00a0\u00bb][vc_single_image image=\u00a0\u00bb519&Prime; img_size=\u00a0\u00bbfull\u00a0\u00bb alignment=\u00a0\u00bbcenter\u00a0\u00bb]<div id=\"argenta-custom-69ded30ba31cd\"  class=\"heading-wrapper text-center uppercase\"  >\n\t\n\t<h3 class=\"second-title text-center\">D\u00e9veloppez Votre Carri\u00e8re<\/h3>\n\n\t\n\t\n\t\t\t<p class=\"subtitle\"><\/p>\n\t<\/div>\t\n\n<div class=\"button_wrapper\"  >\n\t\n\t<a href=\"\/fr\/careers\/\" class=\"btn btn-small btn-red\" id=\"argenta-custom-69ded30ba3277\">\n\t\t\t\t<span class=\"text\">Posez votre candidature d\u00e8s maintenant<\/span>\n\t\t\t<\/a>\n\t\n<\/div>\n\n[\/vc_column][\/vc_row][vc_row full_width=\u00a0\u00bbstretch_row_content_no_spaces\u00a0\u00bb css=\u00a0\u00bb.vc_custom_1681247003355{background-position: center !important;background-repeat: no-repeat !important;background-size: cover !important;}\u00a0\u00bb el_class=\u00a0\u00bbbg-position-left\u00a0\u00bb][vc_column width=\u00a0\u00bb1\/2&Prime; css=\u00a0\u00bb.vc_custom_1681233399574{margin: 0px !important;padding: 0px !important;}\u00a0\u00bb offset=\u00a0\u00bbvc_col-lg-offset-0 vc_col-md-offset-0 vc_col-sm-offset-0&Prime;][vc_single_image image=\u00a0\u00bb340&Prime; img_size=\u00a0\u00bbfull\u00a0\u00bb css=\u00a0\u00bb.vc_custom_1681356158319{margin-top: 0px !important;margin-right: 0px !important;margin-bottom: 0px !important;margin-left: 0px !important;padding-top: 0px !important;padding-right: 0px !important;padding-bottom: 0px !important;padding-left: 0px !important;}\u00a0\u00bb][\/vc_column][vc_column width=\u00a0\u00bb1\/2&Prime; css=\u00a0\u00bb.vc_custom_1681247015615{margin-top: 0px !important;margin-right: 0px !important;margin-bottom: 0px !important;margin-left: 0px !important;padding-top: 0px !important;padding-right: 0px !important;padding-bottom: 0px !important;padding-left: 0px !important;}\u00a0\u00bb][vc_single_image image=\u00a0\u00bb341&Prime; img_size=\u00a0\u00bbfull\u00a0\u00bb css=\u00a0\u00bb.vc_custom_1681356167567{margin-bottom: 0px !important;}\u00a0\u00bb][\/vc_column][\/vc_row][vc_row full_width=\u00a0\u00bbstretch_row\u00a0\u00bb css=\u00a0\u00bb.vc_custom_1681231213301{background-color: #612724 !important;background-position: center !important;background-repeat: no-repeat !important;background-size: cover !important;}\u00a0\u00bb el_class=\u00a0\u00bbbg-position-left\u00a0\u00bb][vc_column width=\u00a0\u00bb5\/6&Prime; css=\u00a0\u00bb.vc_custom_1682540949262{padding-right: 10% !important;padding-left: 10% !important;background-position: center !important;background-repeat: no-repeat !important;background-size: cover !important;}\u00a0\u00bb offset=\u00a0\u00bbvc_col-lg-offset-1 vc_col-md-offset-1 vc_col-sm-offset-1&Prime;][vc_empty_space height=\u00a0\u00bb10px\u00a0\u00bb el_class=\u00a0\u00bbarg-spacer\u00a0\u00bb]<div id=\"argenta-custom-69ded30ba32bb\"  class=\"heading-wrapper text-center\"  >\n\t\n\t<h2 class=\"second-title text-center\">D&amp;W Forwarders dispose d'une large flotte d'\u00e9quipements et offre une vari\u00e9t\u00e9 de solutions de transport, petites ou grandes.<\/h2>\n\n\t\n\t\n\t\t\t<p class=\"subtitle\"><\/p>\n\t<\/div>\t\n\n[vc_empty_space height=\u00a0\u00bb25px\u00a0\u00bb el_class=\u00a0\u00bbarg-spacer\u00a0\u00bb][\/vc_column][\/vc_row][vc_row full_width=\u00a0\u00bbstretch_row\u00a0\u00bb equal_height=\u00a0\u00bbyes\u00a0\u00bb css=\u00a0\u00bb.vc_custom_1718728462559{padding-bottom: 30px !important;background-image: url(https:\/\/dwforwarders.com\/wp-content\/uploads\/2023\/04\/map-background.jpg?id=382) !important;background-position: center !important;background-repeat: no-repeat !important;background-size: cover !important;}\u00a0\u00bb el_class=\u00a0\u00bbicon-set\u00a0\u00bb][vc_column width=\u00a0\u00bb1\/3&Prime; css=\u00a0\u00bb.vc_custom_1682018486038{background-position: center !important;background-repeat: no-repeat !important;background-size: cover !important;}\u00a0\u00bb el_class=\u00a0\u00bbspot-block\u00a0\u00bb][vc_empty_space height=\u00a0\u00bb40px\u00a0\u00bb el_class=\u00a0\u00bbarg-spacer\u00a0\u00bb][vc_column_text]Transport de marchandises lourdes[\/vc_column_text][vc_empty_space height=\u00a0\u00bb30px\u00a0\u00bb el_class=\u00a0\u00bbarg-spacer\u00a0\u00bb][\/vc_column][vc_column width=\u00a0\u00bb1\/3&Prime; el_class=\u00a0\u00bbspot-block spot-block-border spot-no-bkg\u00a0\u00bb][vc_empty_space height=\u00a0\u00bb40px\u00a0\u00bb el_class=\u00a0\u00bbarg-spacer\u00a0\u00bb][vc_column_text]Transport \u00e0 plat[\/vc_column_text][vc_empty_space height=\u00a0\u00bb30px\u00a0\u00bb el_class=\u00a0\u00bbarg-spacer\u00a0\u00bb][\/vc_column][vc_column width=\u00a0\u00bb1\/3&Prime; el_class=\u00a0\u00bbspot-block spot-no-bkg\u00a0\u00bb][vc_empty_space height=\u00a0\u00bb40px\u00a0\u00bb el_class=\u00a0\u00bbarg-spacer\u00a0\u00bb][vc_column_text]Transports en vrac[\/vc_column_text][vc_empty_space height=\u00a0\u00bb30px\u00a0\u00bb el_class=\u00a0\u00bbarg-spacer\u00a0\u00bb][\/vc_column][\/vc_row][vc_row full_width=\u00a0\u00bbstretch_row\u00a0\u00bb css=\u00a0\u00bb.vc_custom_1671428206974{background-color: #ffffff !important;background-position: center !important;background-repeat: no-repeat !important;background-size: contain !important;}\u00a0\u00bb][vc_column css=\u00a0\u00bb.vc_custom_1682540971100{padding-right: 7% !important;padding-left: 7% !important;background-position: center !important;background-repeat: no-repeat !important;background-size: cover !important;}\u00a0\u00bb offset=\u00a0\u00bbvc_col-lg-offset-0 vc_col-md-offset-0 vc_col-sm-offset-0 vc_col-xs-12&Prime;][vc_empty_space height=\u00a0\u00bb90px\u00a0\u00bb el_class=\u00a0\u00bbarg-spacer\u00a0\u00bb][vc_column_text]\n<h2 class=\"second-title\">Chez D&amp;W Forwarders, tous nos camions sont \u00e9quip\u00e9s des dispositifs \u00e9lectroniques les plus r\u00e9cents pour favoriser la s\u00e9curit\u00e9 et le respect de toutes les exigences, ainsi que des r\u00e9glementations relatives aux heures de service.<\/h2>\n<p>Nos chauffeurs suivent une formation approfondie et r\u00e9guli\u00e8re, et ce soutien continu permet de s&rsquo;assurer que nos chauffeurs travaillent en comprenant parfaitement les exigences et les r\u00e9glementations en mati\u00e8re de transport, tant au Canada qu&rsquo;aux \u00c9tats-Unis. Notre flotte est \u00e9galement \u00e9quip\u00e9e des derni\u00e8res technologies d&rsquo;aide \u00e0 la conduite, de syst\u00e8mes de d\u00e9tection et d&rsquo;\u00e9vitement d\u2019obstacles, de syst\u00e8mes d&rsquo;assistance au freinage, de cam\u00e9ras et de logiciels d&rsquo;optimisation des itin\u00e9raires. Ce souci du d\u00e9tail contribue \u00e0 garantir que nos chauffeurs et vos biens arrivent en toute s\u00e9curit\u00e9, comme pr\u00e9vu et au moment pr\u00e9vu.[\/vc_column_text][vc_empty_space height=\u00a0\u00bb90px\u00a0\u00bb el_class=\u00a0\u00bbarg-spacer\u00a0\u00bb][\/vc_column][\/vc_row][vc_row full_width=\u00a0\u00bbstretch_row_content_no_spaces\u00a0\u00bb equal_height=\u00a0\u00bbyes\u00a0\u00bb content_placement=\u00a0\u00bbbottom\u00a0\u00bb css=\u00a0\u00bb.vc_custom_1681747702148{background-position: center !important;background-repeat: no-repeat !important;background-size: cover !important;}\u00a0\u00bb el_class=\u00a0\u00bbbg-position-left\u00a0\u00bb][vc_column width=\u00a0\u00bb1\/2&Prime; css=\u00a0\u00bb.vc_custom_1718728487429{margin-top: 0px !important;margin-right: 0px !important;margin-bottom: 0px !important;margin-left: 0px !important;padding-top: 0px !important;padding-right: 0px !important;padding-bottom: 0px !important;padding-left: 0px !important;background-image: url(https:\/\/dwforwarders.com\/wp-content\/uploads\/2023\/04\/dw-diamond-steel.jpg?id=337) !important;background-position: center !important;background-repeat: no-repeat !important;background-size: cover !important;}\u00a0\u00bb offset=\u00a0\u00bbvc_col-lg-offset-0 vc_col-md-offset-0 vc_col-sm-offset-0&Prime;][vc_empty_space height=\u00a0\u00bb90px\u00a0\u00bb el_class=\u00a0\u00bbarg-spacer\u00a0\u00bb][vc_column_text css=\u00a0\u00bb.vc_custom_1682649157576{margin-top: 35px !important;padding-right: 15% !important;padding-left: 15% !important;}\u00a0\u00bb el_class=\u00a0\u00bbhome-content\u00a0\u00bb]\n<h2 class=\"second-title\" style=\"color: white; letter-spacing: 2px; text-transform: uppercase; margin-top: 0;\">La s\u00e9curit\u00e9 d&rsquo;abord<\/h2>\n<p style=\"color: white; line-height: 1.5;\">La s\u00e9curit\u00e9 de notre personnel, de nos clients et des communaut\u00e9s que nous desservons et traversons est une priorit\u00e9 absolue que nous ne prenons pas \u00e0 la l\u00e9g\u00e8re. Aucun effort n&rsquo;est \u00e9pargn\u00e9 pour respecter notre engagement en mati\u00e8re de s\u00e9curit\u00e9.<\/p>\n<p style=\"color: white; line-height: 1.5;\">Nous nous engageons \u00e0 maintenir un environnement de travail toujours positif, sain et favorable, et notre \u00e9quipe d&rsquo;experts est encourag\u00e9e \u00e0 intervenir si elle a connaissance d&rsquo;un environnement ou d&rsquo;un processus dangereux.<\/p>\n[\/vc_column_text][vc_empty_space height=\u00a0\u00bb90px\u00a0\u00bb el_class=\u00a0\u00bbarg-spacer\u00a0\u00bb][vc_single_image image=\u00a0\u00bb376&Prime; img_size=\u00a0\u00bbfull\u00a0\u00bb css=\u00a0\u00bb.vc_custom_1681749573786{margin-top: 0px !important;margin-right: 0px !important;margin-bottom: 0px !important;margin-left: 0px !important;padding-top: 0px !important;padding-right: 0px !important;padding-bottom: 0px !important;padding-left: 0px !important;}\u00a0\u00bb][\/vc_column][vc_column width=\u00a0\u00bb1\/2&Prime; css=\u00a0\u00bb.vc_custom_1681747919559{margin-top: 0px !important;margin-right: 0px !important;margin-bottom: 0px !important;margin-left: 0px !important;padding-top: 0px !important;padding-right: 0px !important;padding-bottom: 0px !important;padding-left: 0px !important;}\u00a0\u00bb][vc_row_inner][vc_column_inner css=\u00a0\u00bb.vc_custom_1681749717720{margin-bottom: 0px !important;}\u00a0\u00bb offset=\u00a0\u00bbvc_col-lg-6 vc_col-md-6 vc_col-xs-6&Prime;][vc_single_image image=\u00a0\u00bb375&Prime; img_size=\u00a0\u00bbfull\u00a0\u00bb css=\u00a0\u00bb.vc_custom_1681749056810{margin-bottom: 0px !important;}\u00a0\u00bb][\/vc_column_inner][vc_column_inner el_class=\u00a0\u00bbhide-md\u00a0\u00bb css=\u00a0\u00bb.vc_custom_1681749797735{margin-bottom: 0px !important;}\u00a0\u00bb offset=\u00a0\u00bbvc_col-lg-6 vc_col-md-6 vc_col-xs-6&Prime;][vc_single_image image=\u00a0\u00bb411&Prime; img_size=\u00a0\u00bbfull\u00a0\u00bb css=\u00a0\u00bb.vc_custom_1689714360785{margin-bottom: 0px !important;}\u00a0\u00bb][\/vc_column_inner][\/vc_row_inner][vc_single_image image=\u00a0\u00bb355&Prime; img_size=\u00a0\u00bbfull\u00a0\u00bb css=\u00a0\u00bb.vc_custom_1681356422772{margin-bottom: 0px !important;}\u00a0\u00bb][vc_empty_space height=\u00a0\u00bb100px\u00a0\u00bb el_class=\u00a0\u00bbarg-spacer\u00a0\u00bb][\/vc_column][\/vc_row][vc_row full_width=\u00a0\u00bbstretch_row\u00a0\u00bb css=\u00a0\u00bb.vc_custom_1718728527909{background: #ffffff url(https:\/\/dwforwarders.com\/wp-content\/uploads\/2023\/04\/map-background.jpg?id=382) !important;background-position: center !important;background-repeat: no-repeat !important;background-size: cover !important;}\u00a0\u00bb el_class=\u00a0\u00bbmargin-top testimonials-bkg\u00a0\u00bb][vc_column width=\u00a0\u00bb5\/6&Prime; css=\u00a0\u00bb.vc_custom_1671427718809{padding-right: 10% !important;padding-left: 10% !important;background-position: center !important;background-repeat: no-repeat !important;background-size: cover !important;}\u00a0\u00bb offset=\u00a0\u00bbvc_col-lg-offset-1 vc_col-md-offset-1 vc_col-sm-offset-1&Prime;][vc_empty_space height=\u00a0\u00bb134.5px\u00a0\u00bb el_class=\u00a0\u00bbarg-spacer\u00a0\u00bb]<div id=\"argenta-custom-69ded30ba32f1\" class=\"testimonials\">\n\t\n\t\t<div class=\"testimonials-quote\">\n\t\t<span class=\"icon ion-quote\"><\/span>\n\t<\/div>\n\t\n\t<blockquote>J'ai trouv\u00e9 que D&amp;W Forwarders tient vraiment sa promesse : \u00ab Comme pr\u00e9vu, au moment pr\u00e9vu \u00bb .<\/blockquote>\n\n\t\n\t\n\t\t<h4 class=\"title\">- <\/h4>\n\t<p class=\"subtitle small\">- Harry S, Calgary, AB. -<\/p>\n\t\n<\/div>\n\n[vc_empty_space height=\u00a0\u00bb169.5px\u00a0\u00bb el_class=\u00a0\u00bbarg-spacer\u00a0\u00bb][\/vc_column][\/vc_row]\n<\/div>","protected":false},"excerpt":{"rendered":"<p>[vc_row full_width=\u00a0\u00bbstretch_row\u00a0\u00bb css=\u00a0\u00bb.vc_custom_1718728402657{background: #ffffff url(https:\/\/dwforwarders.com\/wp-content\/uploads\/2023\/04\/dw-home-header.jpg?id=338) !important;background-position: center !important;background-repeat: no-repeat !important;background-size: cover !important;}\u00a0\u00bb el_class=\u00a0\u00bbhome-hero\u00a0\u00bb][vc_column css=\u00a0\u00bb.vc_custom_1682449096712{padding-right: 7% !important;padding-left: 7% !important;background-position: center !important;background-repeat: no-repeat !important;background-size: cover !important;}\u00a0\u00bb offset=\u00a0\u00bbvc_col-lg-offset-0 vc_col-md-offset-0 vc_col-sm-offset-0 vc_col-xs-12&Prime;][vc_empty_space height=\u00a0\u00bb60px\u00a0\u00bb el_class=\u00a0\u00bbarg-spacer\u00a0\u00bb][vc_single_image image=\u00a0\u00bb517&Prime; img_size=\u00a0\u00bbfull\u00a0\u00bb][vc_empty_space height=\u00a0\u00bb125px\u00a0\u00bb el_class=\u00a0\u00bbarg-spacer\u00a0\u00bb][\/vc_column][\/vc_row][vc_row full_width=\u00a0\u00bbstretch_row\u00a0\u00bb css=\u00a0\u00bb.vc_custom_1671428206974{background-color: #ffffff !important;background-position: center !important;background-repeat: no-repeat !important;background-size: contain !important;}\u00a0\u00bb][vc_column css=\u00a0\u00bb.vc_custom_1682449101854{padding-right: 7% !important;padding-left: 7% !important;background-position: center !important;background-repeat: no-repeat !important;background-size: cover !important;}\u00a0\u00bb [&hellip;]<\/p>\n","protected":false},"author":7,"featured_media":0,"parent":0,"menu_order":0,"comment_status":"closed","ping_status":"closed","template":"","meta":{"_acf_changed":false,"footnotes":""},"class_list":["post-504","page","type-page","status-publish","hentry"],"acf":[],"_links":{"self":[{"href":"https:\/\/dwforwarders.com\/fr\/wp-json\/wp\/v2\/pages\/504","targetHints":{"allow":["GET"]}}],"collection":[{"href":"https:\/\/dwforwarders.com\/fr\/wp-json\/wp\/v2\/pages"}],"about":[{"href":"https:\/\/dwforwarders.com\/fr\/wp-json\/wp\/v2\/types\/page"}],"author":[{"embeddable":true,"href":"https:\/\/dwforwarders.com\/fr\/wp-json\/wp\/v2\/users\/7"}],"replies":[{"embeddable":true,"href":"https:\/\/dwforwarders.com\/fr\/wp-json\/wp\/v2\/comments?post=504"}],"version-history":[{"count":0,"href":"https:\/\/dwforwarders.com\/fr\/wp-json\/wp\/v2\/pages\/504\/revisions"}],"wp:attachment":[{"href":"https:\/\/dwforwarders.com\/fr\/wp-json\/wp\/v2\/media?parent=504"}],"curies":[{"name":"wp","href":"https:\/\/api.w.org\/{rel}","templated":true}]}}